{"id":16971,"date":"2025-05-13T13:48:46","date_gmt":"2025-05-13T11:48:46","guid":{"rendered":"https:\/\/svenvoelpel.com\/?page_id=16971"},"modified":"2025-05-21T14:21:34","modified_gmt":"2025-05-21T12:21:34","slug":"jungbrunnen-shop","status":"publish","type":"page","link":"https:\/\/svenvoelpel.com\/en\/jungbrunnen-shop\/","title":{"rendered":"Fountain of Youth Shop"},"content":{"rendered":"\n<p class=\"has-medium-font-size\"><em>\u201cLife is like a good meal &#8211; without spices it would be bland.\u201d<\/em><\/p>\n\n\n\n<p>Spices not only give our meals that certain something &#8211; they also contain a huge variety of valuable vital substances. And they help us to stay young, healthy and productive for longer.<\/p>\n\n\n\n<h2 class=\"wp-block-heading has-text-color has-link-color has-medium-font-size wp-elements-251e4e8ca63fca5b2b446c5e794e67ef\" style=\"color:#002f6b\"><strong>Der Name Voelpel steht seit \u00fcber 75 Jahren f\u00fcr Qualit\u00e4t<\/strong><\/h2>\n\n\n\n<p>Sven Voelpel&#8217;s grandfather recognized this more than 75 years ago and since then the company V\u00f6lpel has been producing organic herbs, spices, teas and superfoods in premium quality. Normally, the products are only available wholesale under luxury brand names.<\/p>\n\n\n\n<p>The Jungbrunnen Shop is the only online store that is allowed to offer V\u00f6lpel products directly. And at outlet prices.<\/p>\n\n\n\n<p>Take a look at the Jungbrunnen Shop and be inspired!<\/p>\n\n\n\n<div class=\"wp-block-buttons is-layout-flex wp-block-buttons-is-layout-flex\">\n<div class=\"wp-block-button\"><a class=\"wp-block-button__link wp-element-button\" href=\"https:\/\/jungbrunnen.shop\/\" target=\"_blank\" rel=\"noreferrer noopener\">Fountain of Youth Shop<\/a><\/div>\n<\/div>\n","protected":false},"excerpt":{"rendered":"<p>\u201cLife is like a good meal &#8211; without spices it would be bland.\u201d Spices not only give our meals that certain something &#8211; they also contain a huge variety of valuable vital substances. And they help us to stay young, healthy and productive for longer. Der Name Voelpel steht seit \u00fcber 75 Jahren f\u00fcr Qualit\u00e4t &hellip; <a href=\"https:\/\/svenvoelpel.com\/en\/jungbrunnen-shop\/\" class=\"more-link\">Continue reading <span class=\"screen-reader-text\">Fountain of Youth Shop<\/span><\/a><\/p>\n","protected":false},"author":3,"featured_media":17116,"parent":0,"menu_order":0,"comment_status":"closed","ping_status":"closed","template":"","meta":{"jetpack_post_was_ever_published":true,"footnotes":""},"class_list":["post-16971","page","type-page","status-publish","has-post-thumbnail","hentry"],"translation":{"provider":"WPGlobus","version":"3.0.0","language":"en","enabled_languages":["de","en"],"languages":{"de":{"title":true,"content":true,"excerpt":false},"en":{"title":true,"content":true,"excerpt":false}}},"yoast_head":"<!-- This site is optimized with the Yoast SEO plugin v25.0 - https:\/\/yoast.com\/wordpress\/plugins\/seo\/ -->\n<title>Fountain of Youth Shop &#8226; Prof. Dr. Sven Voelpel<\/title>\n<meta name=\"robots\" content=\"index, follow, max-snippet:-1, max-image-preview:large, max-video-preview:-1\" \/>\n<link rel=\"canonical\" href=\"https:\/\/svenvoelpel.com\/jungbrunnen-shop\/\" \/>\n<meta property=\"og:locale\" content=\"en_US\" \/>\n<meta property=\"og:type\" content=\"article\" \/>\n<meta property=\"og:title\" content=\"Fountain of Youth Shop &#8226; Prof. Dr. Sven Voelpel\" \/>\n<meta property=\"og:url\" content=\"https:\/\/svenvoelpel.com\/jungbrunnen-shop\/\" \/>\n<meta property=\"og:site_name\" content=\"Prof. Dr. Sven Voelpel\" \/>\n<meta property=\"article:modified_time\" content=\"2025-05-21T12:21:34+00:00\" \/>\n<meta property=\"og:image\" content=\"https:\/\/svenvoelpel.com\/wp-content\/uploads\/2025\/05\/pexels-bestasya-3233275-scaled.jpg\" \/>\n\t<meta property=\"og:image:width\" content=\"1864\" \/>\n\t<meta property=\"og:image:height\" content=\"2560\" \/>\n\t<meta property=\"og:image:type\" content=\"image\/jpeg\" \/>\n<meta name=\"twitter:card\" content=\"summary_large_image\" \/>\n<meta name=\"twitter:label1\" content=\"Est. reading time\" \/>\n\t<meta name=\"twitter:data1\" content=\"1 minute\" \/>\n<script type=\"application\/ld+json\" class=\"yoast-schema-graph\">{\"@context\":\"https:\/\/schema.org\",\"@graph\":[{\"@type\":\"WebPage\",\"@id\":\"https:\/\/svenvoelpel.com\/jungbrunnen-shop\/\",\"url\":\"https:\/\/svenvoelpel.com\/jungbrunnen-shop\/\",\"name\":\"Fountain of Youth Shop &#8226; Prof. Dr. Sven Voelpel\",\"isPartOf\":{\"@id\":\"https:\/\/svenvoelpel.com\/#website\"},\"primaryImageOfPage\":{\"@id\":\"https:\/\/svenvoelpel.com\/jungbrunnen-shop\/#primaryimage\"},\"image\":{\"@id\":\"https:\/\/svenvoelpel.com\/jungbrunnen-shop\/#primaryimage\"},\"thumbnailUrl\":\"https:\/\/i0.wp.com\/svenvoelpel.com\/wp-content\/uploads\/2025\/05\/pexels-bestasya-3233275-scaled.jpg?fit=1864%2C2560&ssl=1\",\"datePublished\":\"2025-05-13T11:48:46+00:00\",\"dateModified\":\"2025-05-21T12:21:34+00:00\",\"breadcrumb\":{\"@id\":\"https:\/\/svenvoelpel.com\/jungbrunnen-shop\/#breadcrumb\"},\"inLanguage\":\"en-US\",\"potentialAction\":[{\"@type\":\"ReadAction\",\"target\":[\"https:\/\/svenvoelpel.com\/jungbrunnen-shop\/\"]}]},{\"@type\":\"ImageObject\",\"inLanguage\":\"en-US\",\"@id\":\"https:\/\/svenvoelpel.com\/jungbrunnen-shop\/#primaryimage\",\"url\":\"https:\/\/i0.wp.com\/svenvoelpel.com\/wp-content\/uploads\/2025\/05\/pexels-bestasya-3233275-scaled.jpg?fit=1864%2C2560&ssl=1\",\"contentUrl\":\"https:\/\/i0.wp.com\/svenvoelpel.com\/wp-content\/uploads\/2025\/05\/pexels-bestasya-3233275-scaled.jpg?fit=1864%2C2560&ssl=1\",\"width\":1864,\"height\":2560,\"caption\":\"\u00a9 pexels-bestasya-3233275\"},{\"@type\":\"BreadcrumbList\",\"@id\":\"https:\/\/svenvoelpel.com\/jungbrunnen-shop\/#breadcrumb\",\"itemListElement\":[{\"@type\":\"ListItem\",\"position\":1,\"name\":\"Home\",\"item\":\"https:\/\/svenvoelpel.com\/\"},{\"@type\":\"ListItem\",\"position\":2,\"name\":\"Jungbrunnen Shop\"}]},{\"@type\":\"WebSite\",\"@id\":\"https:\/\/svenvoelpel.com\/#website\",\"url\":\"https:\/\/svenvoelpel.com\/\",\"name\":\"Prof. Dr. Sven Voelpel\",\"description\":\"Longevity researcher and Professor  @ Constructor University\",\"publisher\":{\"@id\":\"https:\/\/svenvoelpel.com\/#\/schema\/person\/387e67c0ab4aae8984c64907bcc4bcc0\"},\"potentialAction\":[{\"@type\":\"SearchAction\",\"target\":{\"@type\":\"EntryPoint\",\"urlTemplate\":\"https:\/\/svenvoelpel.com\/?s={search_term_string}\"},\"query-input\":{\"@type\":\"PropertyValueSpecification\",\"valueRequired\":true,\"valueName\":\"search_term_string\"}}],\"inLanguage\":\"en-US\"},{\"@type\":[\"Person\",\"Organization\"],\"@id\":\"https:\/\/svenvoelpel.com\/#\/schema\/person\/387e67c0ab4aae8984c64907bcc4bcc0\",\"name\":\"admin\",\"image\":{\"@type\":\"ImageObject\",\"inLanguage\":\"en-US\",\"@id\":\"https:\/\/svenvoelpel.com\/#\/schema\/person\/image\/\",\"url\":\"https:\/\/secure.gravatar.com\/avatar\/19c929b46fd289c5b9dd5d2d4b74d1330a8f2847b27a93f66a132e5795302017?s=96&d=mm&r=g\",\"contentUrl\":\"https:\/\/secure.gravatar.com\/avatar\/19c929b46fd289c5b9dd5d2d4b74d1330a8f2847b27a93f66a132e5795302017?s=96&d=mm&r=g\",\"caption\":\"admin\"},\"logo\":{\"@id\":\"https:\/\/svenvoelpel.com\/#\/schema\/person\/image\/\"}}]}<\/script>\n<!-- \/ Yoast SEO plugin. -->","yoast_head_json":{"title":"Fountain of Youth Shop &#8226; Prof. Dr. Sven Voelpel","robots":{"index":"index","follow":"follow","max-snippet":"max-snippet:-1","max-image-preview":"max-image-preview:large","max-video-preview":"max-video-preview:-1"},"canonical":"https:\/\/svenvoelpel.com\/jungbrunnen-shop\/","og_locale":"en_US","og_type":"article","og_title":"Fountain of Youth Shop &#8226; Prof. Dr. Sven Voelpel","og_url":"https:\/\/svenvoelpel.com\/jungbrunnen-shop\/","og_site_name":"Prof. Dr. Sven Voelpel","article_modified_time":"2025-05-21T12:21:34+00:00","og_image":[{"width":1864,"height":2560,"url":"https:\/\/svenvoelpel.com\/wp-content\/uploads\/2025\/05\/pexels-bestasya-3233275-scaled.jpg","type":"image\/jpeg"}],"twitter_card":"summary_large_image","twitter_misc":{"Est. reading time":"1 minute"},"schema":{"@context":"https:\/\/schema.org","@graph":[{"@type":"WebPage","@id":"https:\/\/svenvoelpel.com\/jungbrunnen-shop\/","url":"https:\/\/svenvoelpel.com\/jungbrunnen-shop\/","name":"Fountain of Youth Shop &#8226; Prof. Dr. Sven Voelpel","isPartOf":{"@id":"https:\/\/svenvoelpel.com\/#website"},"primaryImageOfPage":{"@id":"https:\/\/svenvoelpel.com\/jungbrunnen-shop\/#primaryimage"},"image":{"@id":"https:\/\/svenvoelpel.com\/jungbrunnen-shop\/#primaryimage"},"thumbnailUrl":"https:\/\/i0.wp.com\/svenvoelpel.com\/wp-content\/uploads\/2025\/05\/pexels-bestasya-3233275-scaled.jpg?fit=1864%2C2560&ssl=1","datePublished":"2025-05-13T11:48:46+00:00","dateModified":"2025-05-21T12:21:34+00:00","breadcrumb":{"@id":"https:\/\/svenvoelpel.com\/jungbrunnen-shop\/#breadcrumb"},"inLanguage":"en-US","potentialAction":[{"@type":"ReadAction","target":["https:\/\/svenvoelpel.com\/jungbrunnen-shop\/"]}]},{"@type":"ImageObject","inLanguage":"en-US","@id":"https:\/\/svenvoelpel.com\/jungbrunnen-shop\/#primaryimage","url":"https:\/\/i0.wp.com\/svenvoelpel.com\/wp-content\/uploads\/2025\/05\/pexels-bestasya-3233275-scaled.jpg?fit=1864%2C2560&ssl=1","contentUrl":"https:\/\/i0.wp.com\/svenvoelpel.com\/wp-content\/uploads\/2025\/05\/pexels-bestasya-3233275-scaled.jpg?fit=1864%2C2560&ssl=1","width":1864,"height":2560,"caption":"\u00a9 pexels-bestasya-3233275"},{"@type":"BreadcrumbList","@id":"https:\/\/svenvoelpel.com\/jungbrunnen-shop\/#breadcrumb","itemListElement":[{"@type":"ListItem","position":1,"name":"Home","item":"https:\/\/svenvoelpel.com\/"},{"@type":"ListItem","position":2,"name":"Jungbrunnen Shop"}]},{"@type":"WebSite","@id":"https:\/\/svenvoelpel.com\/#website","url":"https:\/\/svenvoelpel.com\/","name":"Prof. Dr. Sven Voelpel","description":"Longevity researcher and Professor  @ Constructor University","publisher":{"@id":"https:\/\/svenvoelpel.com\/#\/schema\/person\/387e67c0ab4aae8984c64907bcc4bcc0"},"potentialAction":[{"@type":"SearchAction","target":{"@type":"EntryPoint","urlTemplate":"https:\/\/svenvoelpel.com\/?s={search_term_string}"},"query-input":{"@type":"PropertyValueSpecification","valueRequired":true,"valueName":"search_term_string"}}],"inLanguage":"en-US"},{"@type":["Person","Organization"],"@id":"https:\/\/svenvoelpel.com\/#\/schema\/person\/387e67c0ab4aae8984c64907bcc4bcc0","name":"admin","image":{"@type":"ImageObject","inLanguage":"en-US","@id":"https:\/\/svenvoelpel.com\/#\/schema\/person\/image\/","url":"https:\/\/secure.gravatar.com\/avatar\/19c929b46fd289c5b9dd5d2d4b74d1330a8f2847b27a93f66a132e5795302017?s=96&d=mm&r=g","contentUrl":"https:\/\/secure.gravatar.com\/avatar\/19c929b46fd289c5b9dd5d2d4b74d1330a8f2847b27a93f66a132e5795302017?s=96&d=mm&r=g","caption":"admin"},"logo":{"@id":"https:\/\/svenvoelpel.com\/#\/schema\/person\/image\/"}}]}},"jetpack_sharing_enabled":true,"jetpack_shortlink":"https:\/\/wp.me\/PaWxZ9-4pJ","_links":{"self":[{"href":"https:\/\/svenvoelpel.com\/en\/wp-json\/wp\/v2\/pages\/16971","targetHints":{"allow":["GET"]}}],"collection":[{"href":"https:\/\/svenvoelpel.com\/en\/wp-json\/wp\/v2\/pages"}],"about":[{"href":"https:\/\/svenvoelpel.com\/en\/wp-json\/wp\/v2\/types\/page"}],"author":[{"embeddable":true,"href":"https:\/\/svenvoelpel.com\/en\/wp-json\/wp\/v2\/users\/3"}],"replies":[{"embeddable":true,"href":"https:\/\/svenvoelpel.com\/en\/wp-json\/wp\/v2\/comments?post=16971"}],"version-history":[{"count":6,"href":"https:\/\/svenvoelpel.com\/en\/wp-json\/wp\/v2\/pages\/16971\/revisions"}],"predecessor-version":[{"id":17288,"href":"https:\/\/svenvoelpel.com\/en\/wp-json\/wp\/v2\/pages\/16971\/revisions\/17288"}],"wp:featuredmedia":[{"embeddable":true,"href":"https:\/\/svenvoelpel.com\/en\/wp-json\/wp\/v2\/media\/17116"}],"wp:attachment":[{"href":"https:\/\/svenvoelpel.com\/en\/wp-json\/wp\/v2\/media?parent=16971"}],"curies":[{"name":"wp","href":"https:\/\/api.w.org\/{rel}","templated":true}]}}