{"id":16996,"date":"2025-05-13T13:52:49","date_gmt":"2025-05-13T11:52:49","guid":{"rendered":"https:\/\/svenvoelpel.com\/?page_id=16996"},"modified":"2025-05-13T13:52:49","modified_gmt":"2025-05-13T11:52:49","slug":"interviews","status":"publish","type":"page","link":"https:\/\/svenvoelpel.com\/en\/interviews\/","title":{"rendered":"Interviews"},"content":{"rendered":"\n<p>SMP LeaderTalks: Der Weg zur Verj\u00fcngung \u2013 April 2025<\/p>\n\n\n\n<figure class=\"wp-block-embed is-type-video is-provider-youtube wp-block-embed-youtube wp-embed-aspect-16-9 wp-has-aspect-ratio\"><div class=\"wp-block-embed__wrapper\">\n<div class=\"jetpack-video-wrapper\"><span class=\"embed-youtube\" style=\"text-align:center; display: block;\"><iframe class=\"youtube-player\" width=\"685\" height=\"386\" src=\"https:\/\/www.youtube.com\/embed\/RGtlramnTUA?version=3&#038;rel=1&#038;showsearch=0&#038;showinfo=1&#038;iv_load_policy=1&#038;fs=1&#038;hl=en-US&#038;autohide=2&#038;wmode=transparent\" allowfullscreen=\"true\" style=\"border:0;\" sandbox=\"allow-scripts allow-same-origin allow-popups allow-presentation allow-popups-to-escape-sandbox\"><\/iframe><\/span><\/div>\n<\/div><\/figure>\n\n\n\n<p>Fitness mit M.A.R.K.: Simple \u00dcbungen f\u00fcr mehr Pr\u00e4senz, Selbstvertrauen und Fitness im Alltag \u2013 M\u00e4rz 2025<\/p>\n\n\n\n<figure class=\"wp-block-embed is-type-video is-provider-youtube wp-block-embed-youtube wp-embed-aspect-16-9 wp-has-aspect-ratio\"><div class=\"wp-block-embed__wrapper\">\n<div class=\"jetpack-video-wrapper\"><span class=\"embed-youtube\" style=\"text-align:center; display: block;\"><iframe class=\"youtube-player\" width=\"685\" height=\"386\" src=\"https:\/\/www.youtube.com\/embed\/1UfDHT6SogI?version=3&#038;rel=1&#038;showsearch=0&#038;showinfo=1&#038;iv_load_policy=1&#038;fs=1&#038;hl=en-US&#038;autohide=2&#038;wmode=transparent\" allowfullscreen=\"true\" style=\"border:0;\" sandbox=\"allow-scripts allow-same-origin allow-popups allow-presentation allow-popups-to-escape-sandbox\"><\/iframe><\/span><\/div>\n<\/div><\/figure>\n\n\n\n<p>STORYWELT Podcast: F\u00fcr immer Jung? \u2013 Februar 2025<\/p>\n\n\n\n<figure class=\"wp-block-embed is-type-video is-provider-youtube wp-block-embed-youtube wp-embed-aspect-16-9 wp-has-aspect-ratio\"><div class=\"wp-block-embed__wrapper\">\n<div class=\"jetpack-video-wrapper\"><span class=\"embed-youtube\" style=\"text-align:center; display: block;\"><iframe class=\"youtube-player\" width=\"685\" height=\"386\" src=\"https:\/\/www.youtube.com\/embed\/v7SdhSFRo-4?version=3&#038;rel=1&#038;showsearch=0&#038;showinfo=1&#038;iv_load_policy=1&#038;fs=1&#038;hl=en-US&#038;autohide=2&#038;wmode=transparent\" allowfullscreen=\"true\" style=\"border:0;\" sandbox=\"allow-scripts allow-same-origin allow-popups allow-presentation allow-popups-to-escape-sandbox\"><\/iframe><\/span><\/div>\n<\/div><\/figure>\n\n\n\n<p>High Value Podcast: Geheimformel f\u00fcr ein langes &amp; gesundes Leben \u2013 Januar 2025<\/p>\n\n\n\n<figure class=\"wp-block-embed is-type-video is-provider-youtube wp-block-embed-youtube wp-embed-aspect-16-9 wp-has-aspect-ratio\"><div class=\"wp-block-embed__wrapper\">\n<div class=\"jetpack-video-wrapper\"><span class=\"embed-youtube\" style=\"text-align:center; display: block;\"><iframe class=\"youtube-player\" width=\"685\" height=\"386\" src=\"https:\/\/www.youtube.com\/embed\/ObOCRDOzOgQ?version=3&#038;rel=1&#038;showsearch=0&#038;showinfo=1&#038;iv_load_policy=1&#038;fs=1&#038;hl=en-US&#038;autohide=2&#038;wmode=transparent\" allowfullscreen=\"true\" style=\"border:0;\" sandbox=\"allow-scripts allow-same-origin allow-popups allow-presentation allow-popups-to-escape-sandbox\"><\/iframe><\/span><\/div>\n<\/div><\/figure>\n\n\n\n<p>M\u00e4nnergesundheit: Altern r\u00fcckg\u00e4ngig machen! \u2013 Januar 2025<\/p>\n\n\n\n<figure class=\"wp-block-embed is-type-video is-provider-youtube wp-block-embed-youtube wp-embed-aspect-16-9 wp-has-aspect-ratio\"><div class=\"wp-block-embed__wrapper\">\n<div class=\"jetpack-video-wrapper\"><span class=\"embed-youtube\" style=\"text-align:center; display: block;\"><iframe class=\"youtube-player\" width=\"685\" height=\"386\" src=\"https:\/\/www.youtube.com\/embed\/FoPTTnQdHQo?version=3&#038;rel=1&#038;showsearch=0&#038;showinfo=1&#038;iv_load_policy=1&#038;fs=1&#038;hl=en-US&#038;autohide=2&#038;wmode=transparent\" allowfullscreen=\"true\" style=\"border:0;\" sandbox=\"allow-scripts allow-same-origin allow-popups allow-presentation allow-popups-to-escape-sandbox\"><\/iframe><\/span><\/div>\n<\/div><\/figure>\n\n\n\n<p>Der B\u00f6rsen-Invester: Gesundheit als Lebensinvestment \u2013 Dezember 2024<\/p>\n\n\n\n<figure class=\"wp-block-embed is-type-video is-provider-youtube wp-block-embed-youtube wp-embed-aspect-16-9 wp-has-aspect-ratio\"><div class=\"wp-block-embed__wrapper\">\n<div class=\"jetpack-video-wrapper\"><span class=\"embed-youtube\" style=\"text-align:center; display: block;\"><iframe class=\"youtube-player\" width=\"685\" height=\"386\" src=\"https:\/\/www.youtube.com\/embed\/isyjEXuhah0?version=3&#038;rel=1&#038;showsearch=0&#038;showinfo=1&#038;iv_load_policy=1&#038;fs=1&#038;hl=en-US&#038;autohide=2&#038;wmode=transparent\" allowfullscreen=\"true\" style=\"border:0;\" sandbox=\"allow-scripts allow-same-origin allow-popups allow-presentation allow-popups-to-escape-sandbox\"><\/iframe><\/span><\/div>\n<\/div><\/figure>\n\n\n\n<p>HealtWise Podcast: 7 Jahre j\u00fcnger in sieben Wochen \u2013 November 2024<\/p>\n\n\n\n<figure class=\"wp-block-embed is-type-video is-provider-youtube wp-block-embed-youtube wp-embed-aspect-16-9 wp-has-aspect-ratio\"><div class=\"wp-block-embed__wrapper\">\n<div class=\"jetpack-video-wrapper\"><span class=\"embed-youtube\" style=\"text-align:center; display: block;\"><iframe class=\"youtube-player\" width=\"685\" height=\"386\" src=\"https:\/\/www.youtube.com\/embed\/G8t3Uw1N4Dk?version=3&#038;rel=1&#038;showsearch=0&#038;showinfo=1&#038;iv_load_policy=1&#038;fs=1&#038;hl=en-US&#038;autohide=2&#038;wmode=transparent\" allowfullscreen=\"true\" style=\"border:0;\" sandbox=\"allow-scripts allow-same-origin allow-popups allow-presentation allow-popups-to-escape-sandbox\"><\/iframe><\/span><\/div>\n<\/div><\/figure>\n\n\n\n<p>Veit Lindau: Sieben Jahre j\u00fcnger in sieben Wochen? | Geheimnisse unseres inneren Jungbrunnens \u2013 Oktober 2024<\/p>\n\n\n\n<figure class=\"wp-block-embed is-type-video is-provider-youtube wp-block-embed-youtube wp-embed-aspect-16-9 wp-has-aspect-ratio\"><div class=\"wp-block-embed__wrapper\">\n<div class=\"jetpack-video-wrapper\"><span class=\"embed-youtube\" style=\"text-align:center; display: block;\"><iframe class=\"youtube-player\" width=\"685\" height=\"386\" src=\"https:\/\/www.youtube.com\/embed\/MYtQul32X5Q?version=3&#038;rel=1&#038;showsearch=0&#038;showinfo=1&#038;iv_load_policy=1&#038;fs=1&#038;hl=en-US&#038;autohide=2&#038;wmode=transparent\" allowfullscreen=\"true\" style=\"border:0;\" sandbox=\"allow-scripts allow-same-origin allow-popups allow-presentation allow-popups-to-escape-sandbox\"><\/iframe><\/span><\/div>\n<\/div><\/figure>\n\n\n\n<p>High Value Podcast: Einfache Hacks &amp; Tipps f\u00fcr ein l\u00e4ngeres, ges\u00fcnderes Leben mit Altersforscher Prof. Dr. Sven Voelpel \u2013 Juni 2024<\/p>\n\n\n\n<figure class=\"wp-block-embed is-type-video is-provider-youtube wp-block-embed-youtube wp-embed-aspect-16-9 wp-has-aspect-ratio\"><div class=\"wp-block-embed__wrapper\">\n<div class=\"jetpack-video-wrapper\"><span class=\"embed-youtube\" style=\"text-align:center; display: block;\"><iframe class=\"youtube-player\" width=\"685\" height=\"386\" src=\"https:\/\/www.youtube.com\/embed\/8To3i_X-3qU?version=3&#038;rel=1&#038;showsearch=0&#038;showinfo=1&#038;iv_load_policy=1&#038;fs=1&#038;hl=en-US&#038;autohide=2&#038;wmode=transparent\" allowfullscreen=\"true\" style=\"border:0;\" sandbox=\"allow-scripts allow-same-origin allow-popups allow-presentation allow-popups-to-escape-sandbox\"><\/iframe><\/span><\/div>\n<\/div><\/figure>\n\n\n\n<p>Patric Heizmann: Langlebigkeit &#8211; DAS hat den gr\u00f6\u00dften Einfluss \u2013 Mai 2024<\/p>\n\n\n\n<figure class=\"wp-block-embed is-type-video is-provider-youtube wp-block-embed-youtube wp-embed-aspect-16-9 wp-has-aspect-ratio\"><div class=\"wp-block-embed__wrapper\">\n<div class=\"jetpack-video-wrapper\"><span class=\"embed-youtube\" style=\"text-align:center; display: block;\"><iframe class=\"youtube-player\" width=\"685\" height=\"386\" src=\"https:\/\/www.youtube.com\/embed\/n3FZp1icwlg?version=3&#038;rel=1&#038;showsearch=0&#038;showinfo=1&#038;iv_load_policy=1&#038;fs=1&#038;hl=en-US&#038;autohide=2&#038;start=1247&#038;wmode=transparent\" allowfullscreen=\"true\" style=\"border:0;\" sandbox=\"allow-scripts allow-same-origin allow-popups allow-presentation allow-popups-to-escape-sandbox\"><\/iframe><\/span><\/div>\n<\/div><\/figure>\n\n\n\n<p>Greta Silver Podcast: Wenn Wissenschaft beweisen kann, was uns verj\u00fcngt \u2013 August 2021<\/p>\n\n\n\n<figure class=\"wp-block-embed is-type-video is-provider-youtube wp-block-embed-youtube wp-embed-aspect-16-9 wp-has-aspect-ratio\"><div class=\"wp-block-embed__wrapper\">\n<div class=\"jetpack-video-wrapper\"><span class=\"embed-youtube\" style=\"text-align:center; display: block;\"><iframe class=\"youtube-player\" width=\"685\" height=\"386\" src=\"https:\/\/www.youtube.com\/embed\/Zing58UJdrs?version=3&#038;rel=1&#038;showsearch=0&#038;showinfo=1&#038;iv_load_policy=1&#038;fs=1&#038;hl=en-US&#038;autohide=2&#038;wmode=transparent\" allowfullscreen=\"true\" style=\"border:0;\" sandbox=\"allow-scripts allow-same-origin allow-popups allow-presentation allow-popups-to-escape-sandbox\"><\/iframe><\/span><\/div>\n<\/div><\/figure>\n\n\n\n<p>Tim Gabel Podcast: WIE L\u00c4NGER LEBEN? Altersforscher Sven Voelpel \u00fcber physische &amp; geistige Optimierung und ewiges Leben \u2013 Juli 2021<\/p>\n\n\n\n<figure class=\"wp-block-embed is-type-video is-provider-youtube wp-block-embed-youtube wp-embed-aspect-16-9 wp-has-aspect-ratio\"><div class=\"wp-block-embed__wrapper\">\n<div class=\"jetpack-video-wrapper\"><span class=\"embed-youtube\" style=\"text-align:center; display: block;\"><iframe class=\"youtube-player\" width=\"685\" height=\"386\" src=\"https:\/\/www.youtube.com\/embed\/Y9B8_Cyu3mk?version=3&#038;rel=1&#038;showsearch=0&#038;showinfo=1&#038;iv_load_policy=1&#038;fs=1&#038;hl=en-US&#038;autohide=2&#038;start=15&#038;wmode=transparent\" allowfullscreen=\"true\" style=\"border:0;\" sandbox=\"allow-scripts allow-same-origin allow-popups allow-presentation allow-popups-to-escape-sandbox\"><\/iframe><\/span><\/div>\n<\/div><\/figure>\n\n\n\n<p>Lernen der Zukunft: 11 Interviews mit Sven Voelpel<\/p>\n\n\n\n<figure class=\"wp-block-embed is-type-video is-provider-youtube wp-block-embed-youtube wp-embed-aspect-16-9 wp-has-aspect-ratio\"><div class=\"wp-block-embed__wrapper\">\n<div class=\"jetpack-video-wrapper\"><span class=\"embed-youtube\" style=\"text-align:center; display: block;\"><iframe class=\"youtube-player\" width=\"685\" height=\"386\" src=\"https:\/\/www.youtube.com\/embed\/y2EWYPRJxMU?version=3&#038;rel=1&#038;showsearch=0&#038;showinfo=1&#038;iv_load_policy=1&#038;fs=1&#038;hl=en-US&#038;autohide=2&#038;wmode=transparent&#038;listType=playlist&#038;list=PLD2J53LRH04YqfZkuKSWLtnQp_JU7p4Bh\" allowfullscreen=\"true\" style=\"border:0;\" sandbox=\"allow-scripts allow-same-origin allow-popups allow-presentation allow-popups-to-escape-sandbox\"><\/iframe><\/span><\/div>\n<\/div><\/figure>\n","protected":false},"excerpt":{"rendered":"<p>SMP LeaderTalks: Der Weg zur Verj\u00fcngung \u2013 April 2025 Fitness mit M.A.R.K.: Simple \u00dcbungen f\u00fcr mehr Pr\u00e4senz, Selbstvertrauen und Fitness im Alltag \u2013 M\u00e4rz 2025 STORYWELT Podcast: F\u00fcr immer Jung? \u2013 Februar 2025 High Value Podcast: Geheimformel f\u00fcr ein langes &amp; gesundes Leben \u2013 Januar 2025 M\u00e4nnergesundheit: Altern r\u00fcckg\u00e4ngig machen! \u2013 Januar 2025 Der B\u00f6rsen-Invester: &hellip; <a href=\"https:\/\/svenvoelpel.com\/en\/interviews\/\" class=\"more-link\">Continue reading <span class=\"screen-reader-text\">Interviews<\/span><\/a><\/p>\n","protected":false},"author":3,"featured_media":0,"parent":0,"menu_order":0,"comment_status":"closed","ping_status":"closed","template":"","meta":{"jetpack_post_was_ever_published":false,"footnotes":""},"class_list":["post-16996","page","type-page","status-publish","hentry"],"translation":{"provider":"WPGlobus","version":"3.0.0","language":"en","enabled_languages":["de","en"],"languages":{"de":{"title":true,"content":true,"excerpt":false},"en":{"title":false,"content":false,"excerpt":false}}},"yoast_head":"<!-- This site is optimized with the Yoast SEO plugin v25.0 - https:\/\/yoast.com\/wordpress\/plugins\/seo\/ -->\n<title>Interviews &#8226; Prof. Dr. Sven Voelpel<\/title>\n<meta name=\"robots\" content=\"index, follow, max-snippet:-1, max-image-preview:large, max-video-preview:-1\" \/>\n<link rel=\"canonical\" href=\"https:\/\/svenvoelpel.com\/interviews\/\" \/>\n<meta property=\"og:locale\" content=\"en_US\" \/>\n<meta property=\"og:type\" content=\"article\" \/>\n<meta property=\"og:title\" content=\"Interviews &#8226; Prof. Dr. Sven Voelpel\" \/>\n<meta property=\"og:url\" content=\"https:\/\/svenvoelpel.com\/interviews\/\" \/>\n<meta property=\"og:site_name\" content=\"Prof. Dr. Sven Voelpel\" \/>\n<meta property=\"og:image\" content=\"https:\/\/i0.wp.com\/svenvoelpel.com\/wp-content\/uploads\/2019\/05\/170331_Portr\u00e4t_Sven-Voelpel_537x537_copyright-Jacobs-University_537x537.png?fit=537%2C537&ssl=1\" \/>\n\t<meta property=\"og:image:width\" content=\"537\" \/>\n\t<meta property=\"og:image:height\" content=\"537\" \/>\n\t<meta property=\"og:image:type\" content=\"image\/png\" \/>\n<meta name=\"twitter:card\" content=\"summary_large_image\" \/>\n<meta name=\"twitter:label1\" content=\"Est. reading time\" \/>\n\t<meta name=\"twitter:data1\" content=\"1 minute\" \/>\n<script type=\"application\/ld+json\" class=\"yoast-schema-graph\">{\"@context\":\"https:\/\/schema.org\",\"@graph\":[{\"@type\":\"WebPage\",\"@id\":\"https:\/\/svenvoelpel.com\/interviews\/\",\"url\":\"https:\/\/svenvoelpel.com\/interviews\/\",\"name\":\"Interviews &#8226; Prof. Dr. Sven Voelpel\",\"isPartOf\":{\"@id\":\"https:\/\/svenvoelpel.com\/#website\"},\"datePublished\":\"2025-05-13T11:52:49+00:00\",\"breadcrumb\":{\"@id\":\"https:\/\/svenvoelpel.com\/interviews\/#breadcrumb\"},\"inLanguage\":\"en-US\",\"potentialAction\":[{\"@type\":\"ReadAction\",\"target\":[\"https:\/\/svenvoelpel.com\/interviews\/\"]}]},{\"@type\":\"BreadcrumbList\",\"@id\":\"https:\/\/svenvoelpel.com\/interviews\/#breadcrumb\",\"itemListElement\":[{\"@type\":\"ListItem\",\"position\":1,\"name\":\"Home\",\"item\":\"https:\/\/svenvoelpel.com\/\"},{\"@type\":\"ListItem\",\"position\":2,\"name\":\"Interviews\"}]},{\"@type\":\"WebSite\",\"@id\":\"https:\/\/svenvoelpel.com\/#website\",\"url\":\"https:\/\/svenvoelpel.com\/\",\"name\":\"Prof. Dr. Sven Voelpel\",\"description\":\"Longevity researcher and Professor  @ Constructor University\",\"publisher\":{\"@id\":\"https:\/\/svenvoelpel.com\/#\/schema\/person\/387e67c0ab4aae8984c64907bcc4bcc0\"},\"potentialAction\":[{\"@type\":\"SearchAction\",\"target\":{\"@type\":\"EntryPoint\",\"urlTemplate\":\"https:\/\/svenvoelpel.com\/?s={search_term_string}\"},\"query-input\":{\"@type\":\"PropertyValueSpecification\",\"valueRequired\":true,\"valueName\":\"search_term_string\"}}],\"inLanguage\":\"en-US\"},{\"@type\":[\"Person\",\"Organization\"],\"@id\":\"https:\/\/svenvoelpel.com\/#\/schema\/person\/387e67c0ab4aae8984c64907bcc4bcc0\",\"name\":\"admin\",\"image\":{\"@type\":\"ImageObject\",\"inLanguage\":\"en-US\",\"@id\":\"https:\/\/svenvoelpel.com\/#\/schema\/person\/image\/\",\"url\":\"https:\/\/secure.gravatar.com\/avatar\/19c929b46fd289c5b9dd5d2d4b74d1330a8f2847b27a93f66a132e5795302017?s=96&d=mm&r=g\",\"contentUrl\":\"https:\/\/secure.gravatar.com\/avatar\/19c929b46fd289c5b9dd5d2d4b74d1330a8f2847b27a93f66a132e5795302017?s=96&d=mm&r=g\",\"caption\":\"admin\"},\"logo\":{\"@id\":\"https:\/\/svenvoelpel.com\/#\/schema\/person\/image\/\"}}]}<\/script>\n<!-- \/ Yoast SEO plugin. -->","yoast_head_json":{"title":"Interviews &#8226; Prof. Dr. Sven Voelpel","robots":{"index":"index","follow":"follow","max-snippet":"max-snippet:-1","max-image-preview":"max-image-preview:large","max-video-preview":"max-video-preview:-1"},"canonical":"https:\/\/svenvoelpel.com\/interviews\/","og_locale":"en_US","og_type":"article","og_title":"Interviews &#8226; Prof. Dr. Sven Voelpel","og_url":"https:\/\/svenvoelpel.com\/interviews\/","og_site_name":"Prof. Dr. Sven Voelpel","og_image":[{"width":537,"height":537,"url":"https:\/\/i0.wp.com\/svenvoelpel.com\/wp-content\/uploads\/2019\/05\/170331_Portr\u00e4t_Sven-Voelpel_537x537_copyright-Jacobs-University_537x537.png?fit=537%2C537&ssl=1","type":"image\/png"}],"twitter_card":"summary_large_image","twitter_misc":{"Est. reading time":"1 minute"},"schema":{"@context":"https:\/\/schema.org","@graph":[{"@type":"WebPage","@id":"https:\/\/svenvoelpel.com\/interviews\/","url":"https:\/\/svenvoelpel.com\/interviews\/","name":"Interviews &#8226; Prof. Dr. Sven Voelpel","isPartOf":{"@id":"https:\/\/svenvoelpel.com\/#website"},"datePublished":"2025-05-13T11:52:49+00:00","breadcrumb":{"@id":"https:\/\/svenvoelpel.com\/interviews\/#breadcrumb"},"inLanguage":"en-US","potentialAction":[{"@type":"ReadAction","target":["https:\/\/svenvoelpel.com\/interviews\/"]}]},{"@type":"BreadcrumbList","@id":"https:\/\/svenvoelpel.com\/interviews\/#breadcrumb","itemListElement":[{"@type":"ListItem","position":1,"name":"Home","item":"https:\/\/svenvoelpel.com\/"},{"@type":"ListItem","position":2,"name":"Interviews"}]},{"@type":"WebSite","@id":"https:\/\/svenvoelpel.com\/#website","url":"https:\/\/svenvoelpel.com\/","name":"Prof. Dr. Sven Voelpel","description":"Longevity researcher and Professor  @ Constructor University","publisher":{"@id":"https:\/\/svenvoelpel.com\/#\/schema\/person\/387e67c0ab4aae8984c64907bcc4bcc0"},"potentialAction":[{"@type":"SearchAction","target":{"@type":"EntryPoint","urlTemplate":"https:\/\/svenvoelpel.com\/?s={search_term_string}"},"query-input":{"@type":"PropertyValueSpecification","valueRequired":true,"valueName":"search_term_string"}}],"inLanguage":"en-US"},{"@type":["Person","Organization"],"@id":"https:\/\/svenvoelpel.com\/#\/schema\/person\/387e67c0ab4aae8984c64907bcc4bcc0","name":"admin","image":{"@type":"ImageObject","inLanguage":"en-US","@id":"https:\/\/svenvoelpel.com\/#\/schema\/person\/image\/","url":"https:\/\/secure.gravatar.com\/avatar\/19c929b46fd289c5b9dd5d2d4b74d1330a8f2847b27a93f66a132e5795302017?s=96&d=mm&r=g","contentUrl":"https:\/\/secure.gravatar.com\/avatar\/19c929b46fd289c5b9dd5d2d4b74d1330a8f2847b27a93f66a132e5795302017?s=96&d=mm&r=g","caption":"admin"},"logo":{"@id":"https:\/\/svenvoelpel.com\/#\/schema\/person\/image\/"}}]}},"jetpack_sharing_enabled":true,"jetpack_shortlink":"https:\/\/wp.me\/PaWxZ9-4q8","_links":{"self":[{"href":"https:\/\/svenvoelpel.com\/en\/wp-json\/wp\/v2\/pages\/16996","targetHints":{"allow":["GET"]}}],"collection":[{"href":"https:\/\/svenvoelpel.com\/en\/wp-json\/wp\/v2\/pages"}],"about":[{"href":"https:\/\/svenvoelpel.com\/en\/wp-json\/wp\/v2\/types\/page"}],"author":[{"embeddable":true,"href":"https:\/\/svenvoelpel.com\/en\/wp-json\/wp\/v2\/users\/3"}],"replies":[{"embeddable":true,"href":"https:\/\/svenvoelpel.com\/en\/wp-json\/wp\/v2\/comments?post=16996"}],"version-history":[{"count":1,"href":"https:\/\/svenvoelpel.com\/en\/wp-json\/wp\/v2\/pages\/16996\/revisions"}],"predecessor-version":[{"id":16997,"href":"https:\/\/svenvoelpel.com\/en\/wp-json\/wp\/v2\/pages\/16996\/revisions\/16997"}],"wp:attachment":[{"href":"https:\/\/svenvoelpel.com\/en\/wp-json\/wp\/v2\/media?parent=16996"}],"curies":[{"name":"wp","href":"https:\/\/api.w.org\/{rel}","templated":true}]}}