{"id":311,"date":"2019-04-30T08:30:39","date_gmt":"2019-04-30T08:30:39","guid":{"rendered":"http:\/\/svenvoelpel.com\/?page_id=311"},"modified":"2025-05-21T14:37:34","modified_gmt":"2025-05-21T12:37:34","slug":"talk-shows","status":"publish","type":"page","link":"https:\/\/svenvoelpel.com\/en\/talk-shows\/","title":{"rendered":"Television"},"content":{"rendered":"\n<figure class=\"wp-block-image size-large\"><a href=\"https:\/\/www.joyn.de\/play\/serien\/jenke\/9-1-jenke-experiment-unsterblich-wollen-wir-fuer-immer-leben\" target=\"_blank\" rel=\" noreferrer noopener\"><img fetchpriority=\"high\" decoding=\"async\" width=\"685\" height=\"385\" src=\"https:\/\/i0.wp.com\/svenvoelpel.com\/wp-content\/uploads\/2025\/05\/voelpel-zdfzeit-screenshot2.png?resize=685%2C385&#038;ssl=1\" alt=\"\" class=\"wp-image-17220\" srcset=\"https:\/\/i0.wp.com\/svenvoelpel.com\/wp-content\/uploads\/2025\/05\/voelpel-zdfzeit-screenshot2.png?resize=1024%2C576&amp;ssl=1 1024w, https:\/\/i0.wp.com\/svenvoelpel.com\/wp-content\/uploads\/2025\/05\/voelpel-zdfzeit-screenshot2.png?resize=300%2C169&amp;ssl=1 300w, https:\/\/i0.wp.com\/svenvoelpel.com\/wp-content\/uploads\/2025\/05\/voelpel-zdfzeit-screenshot2.png?resize=768%2C432&amp;ssl=1 768w, https:\/\/i0.wp.com\/svenvoelpel.com\/wp-content\/uploads\/2025\/05\/voelpel-zdfzeit-screenshot2.png?resize=1536%2C864&amp;ssl=1 1536w, https:\/\/i0.wp.com\/svenvoelpel.com\/wp-content\/uploads\/2025\/05\/voelpel-zdfzeit-screenshot2.png?resize=685%2C385&amp;ssl=1 685w, https:\/\/i0.wp.com\/svenvoelpel.com\/wp-content\/uploads\/2025\/05\/voelpel-zdfzeit-screenshot2.png?w=1920&amp;ssl=1 1920w, https:\/\/i0.wp.com\/svenvoelpel.com\/wp-content\/uploads\/2025\/05\/voelpel-zdfzeit-screenshot2.png?w=1370&amp;ssl=1 1370w\" sizes=\"(max-width: 685px) 100vw, 685px\" data-recalc-dims=\"1\" \/><\/a><\/figure>\n\n\n\n<p><strong>JENKE.Experiment: Unsterblich \u2013 April 2025 (Ab Min. 36:41), Prof. Voelpel kocht mit Jenke ein Rezept aus seinem Buch und gibt wertvolle Ern\u00e4hrungs-Tipps<\/strong><\/p>\n\n\n\n<div class=\"wp-block-columns has-2-columns is-layout-flex wp-container-core-columns-is-layout-9d6595d7 wp-block-columns-is-layout-flex\">\n<div class=\"wp-block-column is-layout-flow wp-block-column-is-layout-flow\">\n<figure class=\"wp-block-image size-large\"><a href=\"https:\/\/www.ardmediathek.de\/video\/stationen\/alt-werden-und-jung-bleiben-aber-wie\/br\/Y3JpZDovL2JyLmRlL2Jyb2FkY2FzdFNjaGVkdWxlU2xvdC80MDM2MDE0NjI4MTNfRjIwMjNXTzAxODc1OEEw\" target=\"_blank\" rel=\" noreferrer noopener\"><img decoding=\"async\" width=\"685\" height=\"385\" src=\"https:\/\/i0.wp.com\/svenvoelpel.com\/wp-content\/uploads\/2025\/05\/voelpel-zdfzeit-screenshot.png?resize=685%2C385&#038;ssl=1\" alt=\"\" class=\"wp-image-17212\" srcset=\"https:\/\/i0.wp.com\/svenvoelpel.com\/wp-content\/uploads\/2025\/05\/voelpel-zdfzeit-screenshot.png?resize=1024%2C575&amp;ssl=1 1024w, https:\/\/i0.wp.com\/svenvoelpel.com\/wp-content\/uploads\/2025\/05\/voelpel-zdfzeit-screenshot.png?resize=300%2C169&amp;ssl=1 300w, https:\/\/i0.wp.com\/svenvoelpel.com\/wp-content\/uploads\/2025\/05\/voelpel-zdfzeit-screenshot.png?resize=768%2C432&amp;ssl=1 768w, https:\/\/i0.wp.com\/svenvoelpel.com\/wp-content\/uploads\/2025\/05\/voelpel-zdfzeit-screenshot.png?resize=1536%2C863&amp;ssl=1 1536w, https:\/\/i0.wp.com\/svenvoelpel.com\/wp-content\/uploads\/2025\/05\/voelpel-zdfzeit-screenshot.png?resize=685%2C385&amp;ssl=1 685w, https:\/\/i0.wp.com\/svenvoelpel.com\/wp-content\/uploads\/2025\/05\/voelpel-zdfzeit-screenshot.png?w=1591&amp;ssl=1 1591w, https:\/\/i0.wp.com\/svenvoelpel.com\/wp-content\/uploads\/2025\/05\/voelpel-zdfzeit-screenshot.png?w=1370&amp;ssl=1 1370w\" sizes=\"(max-width: 685px) 100vw, 685px\" data-recalc-dims=\"1\" \/><\/a><\/figure>\n\n\n\n<p><strong>BR STATIONEN: Alt werden und jung bleiben. Aber wie? Mai 2024. \u201eRetreat im Allg\u00e4u: Alle 7 Jung-brunnen-Faktoren an nur einem Wochenende.<\/strong>&#8220;<\/p>\n\n\n\n<figure class=\"wp-block-embed is-type-video is-provider-youtube wp-block-embed-youtube wp-embed-aspect-16-9 wp-has-aspect-ratio\"><div class=\"wp-block-embed__wrapper\">\n<div class=\"jetpack-video-wrapper\"><span class=\"embed-youtube\" style=\"text-align:center; display: block;\"><iframe class=\"youtube-player\" width=\"685\" height=\"386\" src=\"https:\/\/www.youtube.com\/embed\/LQvPGalk2TM?version=3&#038;rel=1&#038;showsearch=0&#038;showinfo=1&#038;iv_load_policy=1&#038;fs=1&#038;hl=en-US&#038;autohide=2&#038;wmode=transparent\" allowfullscreen=\"true\" style=\"border:0;\" sandbox=\"allow-scripts allow-same-origin allow-popups allow-presentation allow-popups-to-escape-sandbox\"><\/iframe><\/span><\/div>\n<\/div><figcaption class=\"wp-element-caption\"><strong> Sabine Linek TV, 2.2.2019, \u201eTipps f\u00fcr ein langes Leben: Was die Forschung \u00fcber das Jungbleiben wei\u00df- Prof. Dr. Sven Voelpel.\u201c <\/strong><\/figcaption><\/figure>\n\n\n\n<figure class=\"wp-block-embed is-type-video is-provider-youtube wp-block-embed-youtube wp-embed-aspect-16-9 wp-has-aspect-ratio\"><div class=\"wp-block-embed__wrapper\">\n<div class=\"jetpack-video-wrapper\"><span class=\"embed-youtube\" style=\"text-align:center; display: block;\"><iframe class=\"youtube-player\" width=\"685\" height=\"386\" src=\"https:\/\/www.youtube.com\/embed\/wApkQCLpjF4?version=3&#038;rel=1&#038;showsearch=0&#038;showinfo=1&#038;iv_load_policy=1&#038;fs=1&#038;hl=en-US&#038;autohide=2&#038;start=4&#038;wmode=transparent\" allowfullscreen=\"true\" style=\"border:0;\" sandbox=\"allow-scripts allow-same-origin allow-popups allow-presentation allow-popups-to-escape-sandbox\"><\/iframe><\/span><\/div>\n<\/div><figcaption class=\"wp-element-caption\"><strong> Welt-im-Wandel.tv, 7.12.2018, \u201eDie Wahrheit \u00fcbers Jungbleiben!\u201c <\/strong><\/figcaption><\/figure>\n\n\n\n<figure class=\"wp-block-embed is-type-video is-provider-youtube wp-block-embed-youtube wp-embed-aspect-16-9 wp-has-aspect-ratio\"><div class=\"wp-block-embed__wrapper\">\n<div class=\"jetpack-video-wrapper\"><span class=\"embed-youtube\" style=\"text-align:center; display: block;\"><iframe class=\"youtube-player\" width=\"685\" height=\"386\" src=\"https:\/\/www.youtube.com\/embed\/tP-8vluBQSk?version=3&#038;rel=1&#038;showsearch=0&#038;showinfo=1&#038;iv_load_policy=1&#038;fs=1&#038;hl=en-US&#038;autohide=2&#038;wmode=transparent\" allowfullscreen=\"true\" style=\"border:0;\" sandbox=\"allow-scripts allow-same-origin allow-popups allow-presentation allow-popups-to-escape-sandbox\"><\/iframe><\/span><\/div>\n<\/div><figcaption class=\"wp-element-caption\"><strong> M\u00fcnchen TV, Stadtgespr\u00e4ch, 13.11.2018, \u201eAltersforscher Sven Voelpel\u201c <\/strong><\/figcaption><\/figure>\n\n\n\n<figure class=\"wp-block-embed is-type-video is-provider-youtube wp-block-embed-youtube wp-embed-aspect-16-9 wp-has-aspect-ratio\"><div class=\"wp-block-embed__wrapper\">\n<div class=\"jetpack-video-wrapper\"><span class=\"embed-youtube\" style=\"text-align:center; display: block;\"><iframe class=\"youtube-player\" width=\"685\" height=\"386\" src=\"https:\/\/www.youtube.com\/embed\/cD0A3aFhNsI?version=3&#038;rel=1&#038;showsearch=0&#038;showinfo=1&#038;iv_load_policy=1&#038;fs=1&#038;hl=en-US&#038;autohide=2&#038;wmode=transparent\" allowfullscreen=\"true\" style=\"border:0;\" sandbox=\"allow-scripts allow-same-origin allow-popups allow-presentation allow-popups-to-escape-sandbox\"><\/iframe><\/span><\/div>\n<\/div><figcaption class=\"wp-element-caption\"><strong> RBB, Zibb, Berlin, 24.10.2018, \u201eAltersforscher Sven Voelpel\u201c <\/strong><\/figcaption><\/figure>\n<\/div>\n\n\n\n<div class=\"wp-block-column is-layout-flow wp-block-column-is-layout-flow\">\n<figure class=\"wp-block-embed is-type-video is-provider-youtube wp-block-embed-youtube wp-embed-aspect-16-9 wp-has-aspect-ratio\"><div class=\"wp-block-embed__wrapper\">\n<div class=\"jetpack-video-wrapper\"><span class=\"embed-youtube\" style=\"text-align:center; display: block;\"><iframe class=\"youtube-player\" width=\"685\" height=\"386\" src=\"https:\/\/www.youtube.com\/embed\/tgG-jdUZbFg?version=3&#038;rel=1&#038;showsearch=0&#038;showinfo=1&#038;iv_load_policy=1&#038;fs=1&#038;hl=en-US&#038;autohide=2&#038;wmode=transparent\" allowfullscreen=\"true\" style=\"border:0;\" sandbox=\"allow-scripts allow-same-origin allow-popups allow-presentation allow-popups-to-escape-sandbox\"><\/iframe><\/span><\/div>\n<\/div><figcaption class=\"wp-element-caption\"><strong>ZDFzeit: Forever Young, Nov. 2023, Retreat auf Mallorca: Wissenschaftliche Analysen, gemeinsame \u00dcbungen: Longevity leicht gemacht!<\/strong><\/figcaption><\/figure>\n\n\n\n<figure class=\"wp-block-embed is-type-video is-provider-youtube wp-block-embed-youtube wp-embed-aspect-16-9 wp-has-aspect-ratio\"><div class=\"wp-block-embed__wrapper\">\n<div class=\"jetpack-video-wrapper\"><span class=\"embed-youtube\" style=\"text-align:center; display: block;\"><iframe class=\"youtube-player\" width=\"685\" height=\"386\" src=\"https:\/\/www.youtube.com\/embed\/XPQtFQaEDrE?version=3&#038;rel=1&#038;showsearch=0&#038;showinfo=1&#038;iv_load_policy=1&#038;fs=1&#038;hl=en-US&#038;autohide=2&#038;wmode=transparent\" allowfullscreen=\"true\" style=\"border:0;\" sandbox=\"allow-scripts allow-same-origin allow-popups allow-presentation allow-popups-to-escape-sandbox\"><\/iframe><\/span><\/div>\n<\/div><figcaption class=\"wp-element-caption\"><strong> Hamburg 1, Fr\u00fchcaf\u00e9, 13.11.2018, \u201eEY ALTER- Ausstellung entdeckt das Alter neu\u201c <\/strong><br><br><\/figcaption><\/figure>\n\n\n\n<figure class=\"wp-block-embed is-type-video is-provider-youtube wp-block-embed-youtube wp-embed-aspect-16-9 wp-has-aspect-ratio\"><div class=\"wp-block-embed__wrapper\">\n<div class=\"jetpack-video-wrapper\"><span class=\"embed-youtube\" style=\"text-align:center; display: block;\"><iframe class=\"youtube-player\" width=\"685\" height=\"386\" src=\"https:\/\/www.youtube.com\/embed\/wu5l4w8mBYA?version=3&#038;rel=1&#038;showsearch=0&#038;showinfo=1&#038;iv_load_policy=1&#038;fs=1&#038;hl=en-US&#038;autohide=2&#038;wmode=transparent\" allowfullscreen=\"true\" style=\"border:0;\" sandbox=\"allow-scripts allow-same-origin allow-popups allow-presentation allow-popups-to-escape-sandbox\"><\/iframe><\/span><\/div>\n<\/div><figcaption class=\"wp-element-caption\"><strong> Radio Bremen, Buten un Binnen, 11.11.2018, \u201eDemographie-Experte\u201c <\/strong><\/figcaption><\/figure>\n\n\n\n<figure class=\"wp-block-embed is-type-video is-provider-youtube wp-block-embed-youtube wp-embed-aspect-16-9 wp-has-aspect-ratio\"><div class=\"wp-block-embed__wrapper\">\n<div class=\"jetpack-video-wrapper\"><span class=\"embed-youtube\" style=\"text-align:center; display: block;\"><iframe class=\"youtube-player\" width=\"685\" height=\"386\" src=\"https:\/\/www.youtube.com\/embed\/j_17TzJu7eM?version=3&#038;rel=1&#038;showsearch=0&#038;showinfo=1&#038;iv_load_policy=1&#038;fs=1&#038;hl=en-US&#038;autohide=2&#038;wmode=transparent\" allowfullscreen=\"true\" style=\"border:0;\" sandbox=\"allow-scripts allow-same-origin allow-popups allow-presentation allow-popups-to-escape-sandbox\"><\/iframe><\/span><\/div>\n<\/div><figcaption class=\"wp-element-caption\"> <strong>ARD, Live nach Neun, 8.11.2018, \u201eSven Voelpel \u00fcber Gl\u00fcck im Alter\u201c <\/strong><\/figcaption><\/figure>\n\n\n\n<figure class=\"wp-block-embed is-type-video is-provider-youtube wp-block-embed-youtube wp-embed-aspect-16-9 wp-has-aspect-ratio\"><div class=\"wp-block-embed__wrapper\">\n<div class=\"jetpack-video-wrapper\"><span class=\"embed-youtube\" style=\"text-align:center; display: block;\"><iframe class=\"youtube-player\" width=\"685\" height=\"386\" src=\"https:\/\/www.youtube.com\/embed\/zi97USRSxtk?version=3&#038;rel=1&#038;showsearch=0&#038;showinfo=1&#038;iv_load_policy=1&#038;fs=1&#038;hl=en-US&#038;autohide=2&#038;wmode=transparent\" allowfullscreen=\"true\" style=\"border:0;\" sandbox=\"allow-scripts allow-same-origin allow-popups allow-presentation allow-popups-to-escape-sandbox\"><\/iframe><\/span><\/div>\n<\/div><figcaption class=\"wp-element-caption\"><strong>3nach9, Radio Bremen TV, 28.09.2018, \u201eSven Voelpel \u00fcber Gl\u00fcck im Alter\u201c<\/strong><\/figcaption><\/figure>\n<\/div>\n<\/div>\n\n\n\n<p><\/p>\n","protected":false},"excerpt":{"rendered":"<p>JENKE.Experiment: Unsterblich \u2013 April 2025 (Ab Min. 36:41), Prof. Voelpel kocht mit Jenke ein Rezept aus seinem Buch und gibt wertvolle Ern\u00e4hrungs-Tipps BR STATIONEN: Alt werden und jung bleiben. Aber wie? Mai 2024. \u201eRetreat im Allg\u00e4u: Alle 7 Jung-brunnen-Faktoren an nur einem Wochenende.&#8220;<\/p>\n","protected":false},"author":1,"featured_media":808,"parent":0,"menu_order":0,"comment_status":"closed","ping_status":"closed","template":"","meta":{"jetpack_post_was_ever_published":false,"footnotes":""},"class_list":["post-311","page","type-page","status-publish","has-post-thumbnail","hentry"],"translation":{"provider":"WPGlobus","version":"3.0.0","language":"en","enabled_languages":["de","en"],"languages":{"de":{"title":true,"content":true,"excerpt":false},"en":{"title":true,"content":true,"excerpt":false}}},"yoast_head":"<!-- This site is optimized with the Yoast SEO plugin v25.0 - https:\/\/yoast.com\/wordpress\/plugins\/seo\/ -->\n<title>Television &#8226; Prof. Dr. Sven Voelpel<\/title>\n<meta name=\"robots\" content=\"index, follow, max-snippet:-1, max-image-preview:large, max-video-preview:-1\" \/>\n<link rel=\"canonical\" href=\"https:\/\/svenvoelpel.com\/talk-shows\/\" \/>\n<meta property=\"og:locale\" content=\"en_US\" \/>\n<meta property=\"og:type\" content=\"article\" \/>\n<meta property=\"og:title\" content=\"Television &#8226; Prof. Dr. Sven Voelpel\" \/>\n<meta property=\"og:url\" content=\"https:\/\/svenvoelpel.com\/talk-shows\/\" \/>\n<meta property=\"og:site_name\" content=\"Prof. Dr. Sven Voelpel\" \/>\n<meta property=\"article:modified_time\" content=\"2025-05-21T12:37:34+00:00\" \/>\n<meta property=\"og:image\" content=\"https:\/\/svenvoelpel.com\/wp-content\/uploads\/2019\/05\/3nach9.png\" \/>\n\t<meta property=\"og:image:width\" content=\"1302\" \/>\n\t<meta property=\"og:image:height\" content=\"653\" \/>\n\t<meta property=\"og:image:type\" content=\"image\/png\" \/>\n<meta name=\"twitter:card\" content=\"summary_large_image\" \/>\n<meta name=\"twitter:label1\" content=\"Est. reading time\" \/>\n\t<meta name=\"twitter:data1\" content=\"2 minutes\" \/>\n<script type=\"application\/ld+json\" class=\"yoast-schema-graph\">{\"@context\":\"https:\/\/schema.org\",\"@graph\":[{\"@type\":\"WebPage\",\"@id\":\"https:\/\/svenvoelpel.com\/talk-shows\/\",\"url\":\"https:\/\/svenvoelpel.com\/talk-shows\/\",\"name\":\"Television &#8226; Prof. Dr. Sven Voelpel\",\"isPartOf\":{\"@id\":\"https:\/\/svenvoelpel.com\/#website\"},\"primaryImageOfPage\":{\"@id\":\"https:\/\/svenvoelpel.com\/talk-shows\/#primaryimage\"},\"image\":{\"@id\":\"https:\/\/svenvoelpel.com\/talk-shows\/#primaryimage\"},\"thumbnailUrl\":\"https:\/\/i0.wp.com\/svenvoelpel.com\/wp-content\/uploads\/2019\/05\/3nach9.png?fit=1302%2C653&ssl=1\",\"datePublished\":\"2019-04-30T08:30:39+00:00\",\"dateModified\":\"2025-05-21T12:37:34+00:00\",\"breadcrumb\":{\"@id\":\"https:\/\/svenvoelpel.com\/talk-shows\/#breadcrumb\"},\"inLanguage\":\"en-US\",\"potentialAction\":[{\"@type\":\"ReadAction\",\"target\":[\"https:\/\/svenvoelpel.com\/talk-shows\/\"]}]},{\"@type\":\"ImageObject\",\"inLanguage\":\"en-US\",\"@id\":\"https:\/\/svenvoelpel.com\/talk-shows\/#primaryimage\",\"url\":\"https:\/\/i0.wp.com\/svenvoelpel.com\/wp-content\/uploads\/2019\/05\/3nach9.png?fit=1302%2C653&ssl=1\",\"contentUrl\":\"https:\/\/i0.wp.com\/svenvoelpel.com\/wp-content\/uploads\/2019\/05\/3nach9.png?fit=1302%2C653&ssl=1\",\"width\":1302,\"height\":653},{\"@type\":\"BreadcrumbList\",\"@id\":\"https:\/\/svenvoelpel.com\/talk-shows\/#breadcrumb\",\"itemListElement\":[{\"@type\":\"ListItem\",\"position\":1,\"name\":\"Home\",\"item\":\"https:\/\/svenvoelpel.com\/\"},{\"@type\":\"ListItem\",\"position\":2,\"name\":\"TV-Auftritte\"}]},{\"@type\":\"WebSite\",\"@id\":\"https:\/\/svenvoelpel.com\/#website\",\"url\":\"https:\/\/svenvoelpel.com\/\",\"name\":\"Prof. Dr. Sven Voelpel\",\"description\":\"Longevity researcher and Professor  @ Constructor University\",\"publisher\":{\"@id\":\"https:\/\/svenvoelpel.com\/#\/schema\/person\/387e67c0ab4aae8984c64907bcc4bcc0\"},\"potentialAction\":[{\"@type\":\"SearchAction\",\"target\":{\"@type\":\"EntryPoint\",\"urlTemplate\":\"https:\/\/svenvoelpel.com\/?s={search_term_string}\"},\"query-input\":{\"@type\":\"PropertyValueSpecification\",\"valueRequired\":true,\"valueName\":\"search_term_string\"}}],\"inLanguage\":\"en-US\"},{\"@type\":[\"Person\",\"Organization\"],\"@id\":\"https:\/\/svenvoelpel.com\/#\/schema\/person\/387e67c0ab4aae8984c64907bcc4bcc0\",\"name\":\"admin\",\"image\":{\"@type\":\"ImageObject\",\"inLanguage\":\"en-US\",\"@id\":\"https:\/\/svenvoelpel.com\/#\/schema\/person\/image\/\",\"url\":\"https:\/\/secure.gravatar.com\/avatar\/19c929b46fd289c5b9dd5d2d4b74d1330a8f2847b27a93f66a132e5795302017?s=96&d=mm&r=g\",\"contentUrl\":\"https:\/\/secure.gravatar.com\/avatar\/19c929b46fd289c5b9dd5d2d4b74d1330a8f2847b27a93f66a132e5795302017?s=96&d=mm&r=g\",\"caption\":\"admin\"},\"logo\":{\"@id\":\"https:\/\/svenvoelpel.com\/#\/schema\/person\/image\/\"}}]}<\/script>\n<!-- \/ Yoast SEO plugin. -->","yoast_head_json":{"title":"Television &#8226; Prof. Dr. Sven Voelpel","robots":{"index":"index","follow":"follow","max-snippet":"max-snippet:-1","max-image-preview":"max-image-preview:large","max-video-preview":"max-video-preview:-1"},"canonical":"https:\/\/svenvoelpel.com\/talk-shows\/","og_locale":"en_US","og_type":"article","og_title":"Television &#8226; Prof. Dr. Sven Voelpel","og_url":"https:\/\/svenvoelpel.com\/talk-shows\/","og_site_name":"Prof. Dr. Sven Voelpel","article_modified_time":"2025-05-21T12:37:34+00:00","og_image":[{"width":1302,"height":653,"url":"https:\/\/svenvoelpel.com\/wp-content\/uploads\/2019\/05\/3nach9.png","type":"image\/png"}],"twitter_card":"summary_large_image","twitter_misc":{"Est. reading time":"2 minutes"},"schema":{"@context":"https:\/\/schema.org","@graph":[{"@type":"WebPage","@id":"https:\/\/svenvoelpel.com\/talk-shows\/","url":"https:\/\/svenvoelpel.com\/talk-shows\/","name":"Television &#8226; Prof. Dr. Sven Voelpel","isPartOf":{"@id":"https:\/\/svenvoelpel.com\/#website"},"primaryImageOfPage":{"@id":"https:\/\/svenvoelpel.com\/talk-shows\/#primaryimage"},"image":{"@id":"https:\/\/svenvoelpel.com\/talk-shows\/#primaryimage"},"thumbnailUrl":"https:\/\/i0.wp.com\/svenvoelpel.com\/wp-content\/uploads\/2019\/05\/3nach9.png?fit=1302%2C653&ssl=1","datePublished":"2019-04-30T08:30:39+00:00","dateModified":"2025-05-21T12:37:34+00:00","breadcrumb":{"@id":"https:\/\/svenvoelpel.com\/talk-shows\/#breadcrumb"},"inLanguage":"en-US","potentialAction":[{"@type":"ReadAction","target":["https:\/\/svenvoelpel.com\/talk-shows\/"]}]},{"@type":"ImageObject","inLanguage":"en-US","@id":"https:\/\/svenvoelpel.com\/talk-shows\/#primaryimage","url":"https:\/\/i0.wp.com\/svenvoelpel.com\/wp-content\/uploads\/2019\/05\/3nach9.png?fit=1302%2C653&ssl=1","contentUrl":"https:\/\/i0.wp.com\/svenvoelpel.com\/wp-content\/uploads\/2019\/05\/3nach9.png?fit=1302%2C653&ssl=1","width":1302,"height":653},{"@type":"BreadcrumbList","@id":"https:\/\/svenvoelpel.com\/talk-shows\/#breadcrumb","itemListElement":[{"@type":"ListItem","position":1,"name":"Home","item":"https:\/\/svenvoelpel.com\/"},{"@type":"ListItem","position":2,"name":"TV-Auftritte"}]},{"@type":"WebSite","@id":"https:\/\/svenvoelpel.com\/#website","url":"https:\/\/svenvoelpel.com\/","name":"Prof. Dr. Sven Voelpel","description":"Longevity researcher and Professor  @ Constructor University","publisher":{"@id":"https:\/\/svenvoelpel.com\/#\/schema\/person\/387e67c0ab4aae8984c64907bcc4bcc0"},"potentialAction":[{"@type":"SearchAction","target":{"@type":"EntryPoint","urlTemplate":"https:\/\/svenvoelpel.com\/?s={search_term_string}"},"query-input":{"@type":"PropertyValueSpecification","valueRequired":true,"valueName":"search_term_string"}}],"inLanguage":"en-US"},{"@type":["Person","Organization"],"@id":"https:\/\/svenvoelpel.com\/#\/schema\/person\/387e67c0ab4aae8984c64907bcc4bcc0","name":"admin","image":{"@type":"ImageObject","inLanguage":"en-US","@id":"https:\/\/svenvoelpel.com\/#\/schema\/person\/image\/","url":"https:\/\/secure.gravatar.com\/avatar\/19c929b46fd289c5b9dd5d2d4b74d1330a8f2847b27a93f66a132e5795302017?s=96&d=mm&r=g","contentUrl":"https:\/\/secure.gravatar.com\/avatar\/19c929b46fd289c5b9dd5d2d4b74d1330a8f2847b27a93f66a132e5795302017?s=96&d=mm&r=g","caption":"admin"},"logo":{"@id":"https:\/\/svenvoelpel.com\/#\/schema\/person\/image\/"}}]}},"jetpack_sharing_enabled":true,"jetpack_shortlink":"https:\/\/wp.me\/PaWxZ9-51","_links":{"self":[{"href":"https:\/\/svenvoelpel.com\/en\/wp-json\/wp\/v2\/pages\/311","targetHints":{"allow":["GET"]}}],"collection":[{"href":"https:\/\/svenvoelpel.com\/en\/wp-json\/wp\/v2\/pages"}],"about":[{"href":"https:\/\/svenvoelpel.com\/en\/wp-json\/wp\/v2\/types\/page"}],"author":[{"embeddable":true,"href":"https:\/\/svenvoelpel.com\/en\/wp-json\/wp\/v2\/users\/1"}],"replies":[{"embeddable":true,"href":"https:\/\/svenvoelpel.com\/en\/wp-json\/wp\/v2\/comments?post=311"}],"version-history":[{"count":17,"href":"https:\/\/svenvoelpel.com\/en\/wp-json\/wp\/v2\/pages\/311\/revisions"}],"predecessor-version":[{"id":17308,"href":"https:\/\/svenvoelpel.com\/en\/wp-json\/wp\/v2\/pages\/311\/revisions\/17308"}],"wp:featuredmedia":[{"embeddable":true,"href":"https:\/\/svenvoelpel.com\/en\/wp-json\/wp\/v2\/media\/808"}],"wp:attachment":[{"href":"https:\/\/svenvoelpel.com\/en\/wp-json\/wp\/v2\/media?parent=311"}],"curies":[{"name":"wp","href":"https:\/\/api.w.org\/{rel}","templated":true}]}}